{"id":31,"date":"2017-01-25T18:28:06","date_gmt":"2017-01-25T17:28:06","guid":{"rendered":"http:\/\/www.gruenart-kuehnel.de\/blog\/?page_id=31"},"modified":"2026-03-09T12:04:30","modified_gmt":"2026-03-09T11:04:30","slug":"partner","status":"publish","type":"page","link":"http:\/\/www.gruenart-kuehnel.de\/blog\/partner\/","title":{"rendered":"PARTNER"},"content":{"rendered":"<div class=\"wpe-col wpe-col-12-12\">\n<div class=\"wpe-col-1\">\n<p><span class=\"head-bold-14\">aitp GmbH<\/span><span class=\"textgrau-13px\"><br \/>\nBr\u00fcckenstra\u00dfe 13<br \/>\n09111 Chemnitz<br \/>\n<a href=\"http:\/\/www.aitp.de\" target=\"_blank\" rel=\"noopener noreferrer\">www.aitp.de<\/a><\/span><\/p>\n<p><span class=\"head-bold-14\">Hildebrandt Ingenieurgesellschaft mbH<\/span><span class=\"textgrau-13px\"><br \/>\nBeratende Ingenieure im Bauwesen<br \/>\nTurnstra\u00dfe 6<br \/>\n09212 Limbach-Oberfrohna\/OT K\u00e4ndler<br \/>\n<a href=\"http:\/\/www.hildebrandt-ingenieure.de\/\" target=\"_blank\" rel=\"noopener noreferrer\">www.hildebrandt-ingenieure.de<\/a><\/span><\/p>\n<\/div>\n<div class=\"wpe-col-2\">\n<p><span class=\"head-bold-14\">B\u00fcro f\u00fcr Architektur und Stadtplanung<\/span><span class=\"textgrau-13px\"><br \/>\nSabine M\u00fcnzner<br \/>\nJ\u00e4gerstra\u00dfe 8<br \/>\n09111 Chemnitz<br \/>\n<\/span><a href=\"http:\/\/www.ingenieurin-muenzner.de\/\">www.ingenieurin-muenzner.de<\/a><\/p>\n<p><span class=\"head-bold-14\">Quenglerhof<\/span><span class=\"textgrau-13px\"><br \/>\nNiedercrossen 34<br \/>\n09306 Erlau\/OT Crossen<br \/>\n<a href=\"http:\/\/www.quenglerhof.de\/\" target=\"_blank\" rel=\"noopener noreferrer\">www.quenglerhof.de<\/a><\/span><\/p>\n<\/div>\n<\/div>\n","protected":false},"excerpt":{"rendered":"<p>aitp GmbH Br\u00fcckenstra\u00dfe 13 09111 Chemnitz www.aitp.de Hildebrandt Ingenieurgesellschaft mbH Beratende Ingenieure im Bauwesen Turnstra\u00dfe 6 09212 Limbach-Oberfrohna\/OT K\u00e4ndler www.hildebrandt-ingenieure.de B\u00fcro f\u00fcr Architektur und Stadtplanung Sabine M\u00fcnzner J\u00e4gerstra\u00dfe 8 09111 Chemnitz www.ingenieurin-muenzner.de Quenglerhof Niedercrossen 34 09306 Erlau\/OT Crossen www.quenglerhof.de<\/p>\n<p class=\"continue-reading-button\"> <a class=\"continue-reading-link\" href=\"http:\/\/www.gruenart-kuehnel.de\/blog\/partner\/\">Continue reading<i class=\"crycon-right-dir\"><\/i><\/a><\/p>\n","protected":false},"author":1,"featured_media":0,"parent":0,"menu_order":0,"comment_status":"closed","ping_status":"closed","template":"templates\/template-onecolumn.php","meta":{"ngg_post_thumbnail":0,"footnotes":""},"class_list":["post-31","page","type-page","status-publish","hentry"],"_links":{"self":[{"href":"http:\/\/www.gruenart-kuehnel.de\/blog\/wp-json\/wp\/v2\/pages\/31","targetHints":{"allow":["GET"]}}],"collection":[{"href":"http:\/\/www.gruenart-kuehnel.de\/blog\/wp-json\/wp\/v2\/pages"}],"about":[{"href":"http:\/\/www.gruenart-kuehnel.de\/blog\/wp-json\/wp\/v2\/types\/page"}],"author":[{"embeddable":true,"href":"http:\/\/www.gruenart-kuehnel.de\/blog\/wp-json\/wp\/v2\/users\/1"}],"replies":[{"embeddable":true,"href":"http:\/\/www.gruenart-kuehnel.de\/blog\/wp-json\/wp\/v2\/comments?post=31"}],"version-history":[{"count":9,"href":"http:\/\/www.gruenart-kuehnel.de\/blog\/wp-json\/wp\/v2\/pages\/31\/revisions"}],"predecessor-version":[{"id":650,"href":"http:\/\/www.gruenart-kuehnel.de\/blog\/wp-json\/wp\/v2\/pages\/31\/revisions\/650"}],"wp:attachment":[{"href":"http:\/\/www.gruenart-kuehnel.de\/blog\/wp-json\/wp\/v2\/media?parent=31"}],"curies":[{"name":"wp","href":"https:\/\/api.w.org\/{rel}","templated":true}]}}