{"id":24,"date":"2017-01-25T18:26:21","date_gmt":"2017-01-25T17:26:21","guid":{"rendered":"http:\/\/www.gruenart-kuehnel.de\/blog\/?page_id=24"},"modified":"2026-03-11T12:15:08","modified_gmt":"2026-03-11T11:15:08","slug":"referenzen","status":"publish","type":"page","link":"http:\/\/www.gruenart-kuehnel.de\/blog\/referenzen\/","title":{"rendered":"REFERENZEN"},"content":{"rendered":"<p><strong>GARTEN- UND FREIFL\u00c4CHENGESTALTUNG<\/strong><\/p>\n<div class=\"head-bold-14\">\n<p><em><strong>Leistungszentrum Altenberg \u2013 Neubau Trainingszentrum und Anschubstrecke<\/strong> \u2013<br \/>\n<\/em><em>Au\u00dfenanlagen&nbsp; (2014 \u2013 2025)&nbsp;(Leistungsphasen 2-9)<\/em><br \/>\n<span class=\"textgrau-13px\">AG: Obermeyer Planen und Beraten GmbH\/ Obermeyer Geb\u00e4udeplanung GmbH &amp; Co. KG<br \/>\nBH: Landkreis S\u00e4chs. Schweiz-Osterzgebirge<br \/>\nBausumme: ca. 1.300.000 \u20ac brutto<\/span><\/p>\n<p><em><strong>Technisches Ausbildungszentrum (TAZ) G3 Errichtung eines Geb\u00e4udes mit Unterrichts- und Sozialr\u00e4ume<\/strong>n \u2013 Freianlagen&nbsp; (2023 \u2013 2025) Lph. 5-7<\/em><br \/>\n<span class=\"textgrau-13px\">AG und BH: DREWAG Stadtwerke Dresden GmbH<br \/>\nBausumme: ca. 938.900 \u20ac brutto<\/span><\/p>\n<p><strong><em>Umbau und Modernisierung Bestandsgeb\u00e4ude (Denkmalschutz) Technisches Ausbildungszentrum (TAZ) SachsenEnergieAG<\/em> \u2013 <\/strong><em>Freianlagen (seit 2023) Lph. 1-7<\/em><br \/>\n<span class=\"textgrau-13px\">AG und BH: DREWAG Stadtwerke Dresden GmbH<br \/>\nBausumme: ca. 339.000 \u20ac brutto<\/span><\/p>\n<p><em><strong>Au\u00dfenanlagen Denkmalsanierung \u201eWaldpark Gr\u00fcna\u201c<\/strong><\/em> <em>(2019 \u2013 2022) Lph. 1-5<\/em><br \/>\n<span class=\"textgrau-13px\">AG: AIC Chemnitz GmbH und Gr\u00fcna Team 4 GmbH u. Co.KG<br \/>\nBH: Stadtmission Chemnitz e.V. und Gr\u00fcna Team 4 GmbH u. Co.KG<\/span><\/p>\n<p><em><strong>Klinikum Chemnitz \u201eNeubau Kardiologisches Zentrum\u201c<\/strong><\/em><strong>&nbsp;\u2013 <\/strong><em>Freianlagen (2020 \u2013 2024)<\/em><br \/>\nVorentwurf\/Bauantrag\/Planung Ersatzpflanzungen im Klinikgel\u00e4nde\/ Abstimmung mit Denkmalschutz\/Pflanzplanung f\u00fcr Kardiologie<br \/>\n<span class=\"textgrau-13px\">AG: ait Plan GmbH Chemnitz<br \/>\nBH: Klinikum Chemnitz g GmbH<\/span><\/p>\n<p><em><strong>Au\u00dfenanlagen Wohngeb\u00e4ude mit Tiefgarage Berlin Lehder Stra\u00dfe 29-32<\/strong><\/em><em> (Leistungsphasen 5-6)<\/em><br \/>\n<span class=\"textgrau-13px\">AG: Lattermann Bau GmbH Dresden<br \/>\nBH: Lehderstra\u00dfe 29-32 Immobilien GmbH &amp; Co. KG Berlin<\/span><\/p>\n<p><em><strong>Umnutzung B\u00fcrogeb\u00e4ude Gasanstaltstra\u00dfe 3 zu Schulungszentrum<\/strong> &#8211; Qual. Freifl\u00e4chenplan +&nbsp;(Leistungsphasen 5-6)<\/em><br \/>\n<span class=\"textgrau-13px\">AG: SachsenEnergie AG Dresden \/ OBAG Hochbau GmbH, Bautzen<br \/>\nBH: SachsenEnergie AG Dresden<\/span><\/p>\n<p><strong><em>Umnutzung der historischen Shedhalle zur Kindertages-Einrichtung \u201eAlte Baumwolle\u201c in Fl\u00f6ha &#8211;<\/em> <\/strong><em>Gestaltung Au\u00dfenspielplatz (2013 &#8211; 2014) Lph. 1-8<\/em><br \/>\n<span class=\"textgrau-13px\">AG: Obermeyer Planen und Beraten GmbH<br \/>\nBH: Stadt Fl\u00f6ha<br \/>\nBausumme: ca. 200.000 \u20ac brutto<br \/>\n<\/span><\/p>\n<p><em><strong>TU Dresden Fakult\u00e4t Bauingenieurwesen -Umbau und Sanierung &#8211; Au\u00dfenanlagen<\/strong> (2012 \u2013 2017) Leistungsphasen 2-8<\/em><br \/>\n<span class=\"textgrau-13px\">AG: AIC Ingenieurgesellschaft f\u00fcr Bauplanung Chemnitz GmbH<br \/>\nBH: SIB \u2013 Staatsbetrieb S\u00e4chsisches Immobilien- und Baumanagement NL Dresden II<\/span><\/p>\n<p><em><strong>TU Dresden Fakult\u00e4t Bauingenieurwesen &#8211; Neubau Stra\u00dfenbaulabor &#8211; Au\u00dfenanlagen<\/strong> (2012 \u2013 2016)(Leistungsphasen 3-8)<\/em><br \/>\n<span class=\"textgrau-13px\">AG: AIC Ingenieurgesellschaft f\u00fcr Bauplanung Chemnitz GmbH<br \/>\nBH: SIB \u2013 Staatsbetrieb S\u00e4chsisches Immobilien- und Baumanagement NL Dresden II<\/span><\/p>\n<p><em><strong>Neubau Feuerwehr und Rettungswache Gl\u00f6sa \u2013 Au\u00dfenanlagen <\/strong>(2017 \u2013 2019) Leistungsphasen 2, 3, 5<\/em><br \/>\n<span class=\"textgrau-13px\">AG: Obermeyer Planen und Beraten GmbH<br \/>\nBH: : Stadt Chemnitz SE Geb\u00e4udemanagement und Hochbau<\/span><\/p>\n<p><em><strong>Schloss Augustusburg \u2013 Machbarkeitsstudie zur Neuordnung der Parkpl\u00e4tze und Freianlagen <\/strong>(2011)<br \/>\n<\/em><span class=\"textgrau-13px\">AG: SIB Staatsbetrieb S\u00e4chs. Bau- und Immobilienmanagement NL Chemnitz<\/span><\/p>\n<p><em><strong>Umgestaltung Jahnsportanlage in Augustusburg \u2013 Freianlagen mit Entw\u00e4sserung<\/strong><br \/>\n<\/em><span class=\"textgrau-13px\">AG: Obermeyer Planen und Beraten GmbH<br \/>\nBH: Stadt Fl\u00f6ha<\/span><\/p>\n<\/div>\n<p><strong><em><span class=\"ds1 head-bold-14\">Innenhof Schloss Rochlitz<\/span><\/em><\/strong><span class=\"textgrau-13px\"><em> (2009 &#8211; 2011) &#8211; EW-Bau 4. BA<\/em><br \/>\nAG: als freie Mitarbeiterin f\u00fcr das Architekturb\u00fcro Keller in Limbach-Oberfrohna<br \/>\nBH: SIB Staatsbetrieb S\u00e4chs. Bau- und Immobilienmanagement NL Chemnitz<\/span><\/p>\n<p><span class=\"head-bold-14\"><em><strong>LYNX Neubau Aluminium-Bandbehandlungsanlage Nachterstedt \u2013 Au\u00dfenanlagen<\/strong><\/em><br \/>\n<\/span><span class=\"textgrau-13px\">Pflanzplanung \/ Leistungsverzeichnis<br \/>\nAG: <\/span><span class=\"textgrau-13px\">AIC Chemnitz<br \/>\nBH: Novelis Deutschland GmbH<\/span><\/p>\n<p><span class=\"textgrau-13px\"><b> <span class=\"ds1 head-bold-14\">MASDAR PV GmbH Erfurt<\/span> &#8211; <\/b><em>Neubau einer D\u00fcnnschicht-Photovoltaikfabrik Erfurt\/Ichtershausen<\/em><br \/>\nPflanzplanung Au\u00dfenanlagen und Entwurf Lichthof f\u00fcr AIC Chemnitz<br \/>\nAG: AIC Chemnitz<br \/>\nBH: <span class=\"ds1 head-bold-14\">MASDAR PV GmbH Erfurt<\/span><\/span><\/p>\n<p><strong><em><span class=\"head-bold-14\"><span class=\"ds1\">Grundschule Gablenz Chemnitz<\/span><\/span><\/em><\/strong><span class=\"ds1\"><b> &#8211; <\/b><\/span><span class=\"textgrau-13px\"><span class=\"ds1\"><em>Au\u00dfenanlagen Leistungsphasen 1 &#8211; 8<\/em><br \/>\nAG: freie Mitarbeiterin f\u00fcr das Architekturb\u00fcro Keller in Limbach-Oberfrohna<br \/>\nBH: Hochbauamt der Stadt Chemnitz<\/span><\/span><\/p>\n<p><strong>Verschiedene Privatg\u00e4rten<\/strong><\/p>\n<p>&nbsp;<\/p>\n<p><strong>LANDSCHAFTSPLANERISCHE LEISTUNGEN \/ FFH-VERTR\u00c4GLICHKEITSUNTERSUCHUNGEN<\/strong><\/p>\n<p><img loading=\"lazy\" decoding=\"async\" id=\"crossen\" class=\"alignleft\" src=\"http:\/\/www.gruenart-kuehnel.de\/grafik\/planung\/LBP_Deichsanierung_Crossen_300.jpg\" width=\"326\" height=\"218\" name=\"crossen\" border=\"1\"><span class=\"head-bold-14\"><em><strong>Landschaftspflegerischer Begleitplan Zwickauer Mulde<\/strong> &#8211; <strong>Deichsanierung Crossen <\/strong><\/em>von der P\u00f6lbitzer Br\u00fccke bis zum Wehr Crossen<\/span><span class=\"textgrau-ueb\"><br \/>\n<\/span><span class=\"textgrau-13px\">AG: Hildebrandt Ingenieurgesellschaft Limbach-Oberfrohna OT K\u00e4ndler<br \/>\nBH: <em>LTV des Freistaates Sachsen<\/em><\/span><\/p>\n<p><span class=\"textgrau-ueb\"><strong><span class=\"head-bold-14\"><em>Landschaftspflegerischer Begleitplan<\/em><\/span><em>100 km-Radwegeprogramm des Freistaates Sachsen Projekt \u201eRVA S267 bei Schlettau\u201c<\/em><\/strong><em>(2016 \u2013 2022)<br \/>\nLeistungen: Raumwiderstandsanalyse und FFH-Vorpr\u00fcfung, Teilleistungen LBP<br \/>\n<\/em><\/span><span class=\"textgrau-13px\">AG: <\/span>LISt Gesellschaft f\u00fcr Verkehrswesen und ingenieurtechnische Dienstleistungen mbH Rochlitz<\/p>\n<p><em><strong>Gr\u00fcnordnungsplan zum Bebauungsplan &#8222;Gruuna Schule Neukirchen&#8220;<\/strong><\/em> mit Umweltbericht, alle Leistungsphasen BH: <span class=\"textgrau-13px\"><em>Gruuna Schule gGmbH, Chemnitz<\/em><\/span><\/p>\n<p><em><strong>Gr\u00fcnordnungsplan zum Vorhabenbezogenen Bebauungsplan &#8222;Wohngebiet westlich vom<\/strong> <strong>Wiesenwinkel&#8220;<\/strong><\/em> mit Umweltbericht, alle Leistungsphasen<br \/>\nAG: AED Projektentwicklung GmbH Halle<\/p>\n<p><span class=\"head-bold-14\"><strong><em>Truppen\u00fcbungsplatz Altengrabow<\/em><\/strong><br \/>\n<\/span><span class=\"textgrau-13px\">Eingriffsbilanzierung\/Planung Ausgleichs- und Ersatzma\u00dfnahmen\/Leistungsphasen 6-8<br \/>\nAG: AIC Chemnitz<\/span><\/p>\n<p><span class=\"textgrau-ueb\"><strong><em>Landschaftsplan Planungsgemeinschaft Muldental &#8211; Penig (Lunzenau\/Penig\/Langensteinbach\/Chursdorf\/Thierbach)<\/em><\/strong><\/span><\/p>\n<p><span class=\"textgrau-ueb\"><strong><em>Landschaftsplan Stadt Mittweida<\/em><\/strong><\/span><\/p>\n<p><span class=\"textgrau-ueb\"><strong><em>Landschaftsplan Planungsgemeinschaft Muldental &#8211; Waldenburg (Waldenburg\/Wolkenburg\/Kaufungen\/D\u00fcrrenuhldorf\/Remse)<\/em><\/strong><\/span><\/p>\n<p><span class=\"textgrau-ueb\"><strong><em>Landschaftsplan Stadt Schneeberg<\/em><\/strong><\/span><\/p>\n<p><span class=\"textgrau-ueb\"><strong><em>LBP \u201eInnenstadtring\u201c Abschnitt Annaberger Str. &#8211; Zwickauer Str. Stadt Chemnitz<\/em><\/strong><\/span><\/p>\n<p><span class=\"head-bold-14\"><strong><em>GOP \u201eVeranstaltungszentrum Hartmannplatz\u201c Stadt Chemnitz<\/em><\/strong><\/span><\/p>\n<p><span class=\"head-bold-14\"><strong><em>GOP \u201eStuhlfabrik und Wiesenstra\u00dfe\u201c Stadt Oederan<\/em><\/strong><\/span><\/p>\n<p>&nbsp;<\/p>\n<p><strong>ST\u00c4DTEBAULICHE PLANUNGEN \/ \u00d6RTLICHE ENTWICKLUNGSKONZEPTEBEBAUUNGS- UND VORHABEN- UND ERSCHLIESSUNGSPL\u00c4NE<\/strong><\/p>\n<p><span class=\"head-bold-14\"><em><strong>Ammelshain &#8211;&nbsp;<\/strong><\/em> Detailplanungen (Stra\u00dfenraumgestaltung, Spielplatz, Schlossplatz)<\/span><\/p>\n<p><em><strong>Stadt Schlettau<\/strong><\/em> (<span class=\"head-bold-14\">Detailplanungen (verschiedene Entw\u00fcrfe f\u00fcr Details<\/span> z.B. <span class=\"head-bold-14\">Schlossplatz<\/span>)<\/p>\n<p><em><strong>St\u00e4dtebauliche Erneuerung Ehrenfriedersdorf<\/strong><\/em> (<span class=\"head-bold-14\">Vorentw\u00fcrfe Marktplatz und Umfeld) Rahmenplan Neubaugebiet Zwickau Eckersbach und Neuplanitz (Mitarbeit Gr\u00fcnplanung)<\/span><\/p>\n<p><em><strong>Rahmenplan&nbsp; <span class=\"head-bold-14\">Neubaugebiet Zwickau Eckersbach und Neuplanitz<\/span><\/strong><\/em> (<span class=\"head-bold-14\">Mitarbeit Gr\u00fcnplanung) <\/span><\/p>\n<p><em><strong><span class=\"head-bold-14\">Flur- und Ortsentwicklungskonzeption Gro\u00dfr\u00fcckerswalde<\/span><\/strong><\/em><\/p>\n<p><em><strong><span class=\"head-bold-14\">Flur- und Ortsentwicklungskonzeption Elterlein<\/span><\/strong><\/em><\/p>\n<p>&nbsp;<\/p>\n<p><strong>BEBAUUNGS- UND VORHABEN- UND ERSCHLIESSUNGSPL\u00c4NE<\/strong><\/p>\n<p><em><strong><span class=\"head-bold-14\">Bebauungsplan Wohngebiet \u201eAlte Str.\u201c Gro\u00dfr\u00fcckerswalde<\/span><\/strong><\/em><\/p>\n<p>&nbsp;<\/p>\n<p><strong>WETTBEWERBE<\/strong><\/p>\n<p><em><strong><span class=\"head-bold-14\">Marktplatzgestaltung Rochlitz (Mitarbeit) 1. Platz<\/span><\/strong><\/em><\/p>\n<p><em><strong><span class=\"head-bold-14\">Stadt Chemnitz \u201eStr. der Nationen\u201c (Mitarbeit)<\/span><\/strong><\/em><\/p>\n<p>&nbsp;<\/p>\n<p>&nbsp;<\/p>\n<p>&nbsp;<\/p>\n","protected":false},"excerpt":{"rendered":"<p>GARTEN- UND FREIFL\u00c4CHENGESTALTUNG Leistungszentrum Altenberg \u2013 Neubau Trainingszentrum und Anschubstrecke \u2013 Au\u00dfenanlagen&nbsp; (2014 \u2013 2025)&nbsp;(Leistungsphasen 2-9) AG: Obermeyer Planen und Beraten GmbH\/ Obermeyer Geb\u00e4udeplanung GmbH &amp; Co. KG BH: Landkreis S\u00e4chs. Schweiz-Osterzgebirge Bausumme: ca. 1.300.000 \u20ac brutto Technisches Ausbildungszentrum (TAZ) G3 Errichtung eines Geb\u00e4udes mit Unterrichts- und Sozialr\u00e4umen \u2013 Freianlagen&nbsp; \u2026<\/p>\n<p class=\"continue-reading-button\"> <a class=\"continue-reading-link\" href=\"http:\/\/www.gruenart-kuehnel.de\/blog\/referenzen\/\">Continue reading<i class=\"crycon-right-dir\"><\/i><\/a><\/p>\n","protected":false},"author":1,"featured_media":0,"parent":0,"menu_order":0,"comment_status":"closed","ping_status":"closed","template":"templates\/template-onecolumn.php","meta":{"ngg_post_thumbnail":0,"footnotes":""},"class_list":["post-24","page","type-page","status-publish","hentry"],"_links":{"self":[{"href":"http:\/\/www.gruenart-kuehnel.de\/blog\/wp-json\/wp\/v2\/pages\/24","targetHints":{"allow":["GET"]}}],"collection":[{"href":"http:\/\/www.gruenart-kuehnel.de\/blog\/wp-json\/wp\/v2\/pages"}],"about":[{"href":"http:\/\/www.gruenart-kuehnel.de\/blog\/wp-json\/wp\/v2\/types\/page"}],"author":[{"embeddable":true,"href":"http:\/\/www.gruenart-kuehnel.de\/blog\/wp-json\/wp\/v2\/users\/1"}],"replies":[{"embeddable":true,"href":"http:\/\/www.gruenart-kuehnel.de\/blog\/wp-json\/wp\/v2\/comments?post=24"}],"version-history":[{"count":21,"href":"http:\/\/www.gruenart-kuehnel.de\/blog\/wp-json\/wp\/v2\/pages\/24\/revisions"}],"predecessor-version":[{"id":988,"href":"http:\/\/www.gruenart-kuehnel.de\/blog\/wp-json\/wp\/v2\/pages\/24\/revisions\/988"}],"wp:attachment":[{"href":"http:\/\/www.gruenart-kuehnel.de\/blog\/wp-json\/wp\/v2\/media?parent=24"}],"curies":[{"name":"wp","href":"https:\/\/api.w.org\/{rel}","templated":true}]}}