{"id":2,"date":"2016-09-15T00:51:23","date_gmt":"2016-09-14T22:51:23","guid":{"rendered":"http:\/\/www.gruenart-kuehnel.de\/blog\/?page_id=2"},"modified":"2026-03-23T16:26:36","modified_gmt":"2026-03-23T15:26:36","slug":"beispiel-seite","status":"publish","type":"page","link":"http:\/\/www.gruenart-kuehnel.de\/blog\/","title":{"rendered":"LEISTUNGEN"},"content":{"rendered":"<p><img loading=\"lazy\" decoding=\"async\" class=\"alignnone wp-image-1293 size-full\" src=\"http:\/\/www.gruenart-kuehnel.de\/blog\/wp-content\/uploads\/2026\/03\/gruenart_inro.png\" alt=\"\" width=\"1385\" height=\"734\" srcset=\"http:\/\/www.gruenart-kuehnel.de\/blog\/wp-content\/uploads\/2026\/03\/gruenart_inro.png 1385w, http:\/\/www.gruenart-kuehnel.de\/blog\/wp-content\/uploads\/2026\/03\/gruenart_inro-600x318.png 600w, http:\/\/www.gruenart-kuehnel.de\/blog\/wp-content\/uploads\/2026\/03\/gruenart_inro-768x407.png 768w, http:\/\/www.gruenart-kuehnel.de\/blog\/wp-content\/uploads\/2026\/03\/gruenart_inro-150x79.png 150w\" sizes=\"auto, (max-width: 1385px) 100vw, 1385px\" \/><\/p>\n<p><a href=\"http:\/\/www.gruenart-kuehnel.de\/blog\/beispiel-seite\/garten-und-freiflaechengestaltung\/\"><span class=\"textrot_bold\">GARTEN- UND FREIFL\u00c4CHENGESTALTUNG<\/span><\/a><\/p>\n<p><a href=\"http:\/\/www.gruenart-kuehnel.de\/blog\/beispiel-seite\/landschaftsplanung\/\"><span class=\"textrot_bold\">LANDSCHAFTSPLANUNG<\/span><\/a><\/p>\n<p><a href=\"http:\/\/www.gruenart-kuehnel.de\/blog\/beispiel-seite\/staedtebauliche-planungen\/\">ST\u00c4DTEBAULICHE PLANUNGEN<\/a><\/p>\n<p><span class=\"textrot_bold\"><a href=\"http:\/\/www.gruenart-kuehnel.de\/blog\/beispiel-seite\/denkmalpflegerische-planungen\/\">DENKMALPFLEGERISCHE PLANUNGEN<\/a><br \/>\n<\/span><span class=\"textrot_bold\">&nbsp; &nbsp;PARKENTWICKLUNGSKONZEPTE<br \/>\n&nbsp; &nbsp;ENTWICKLUNGSKONZEPTIONEN IN DENKMALBEREICHEN<br \/>\n<\/span><span class=\"textrot_bold\"><br \/>\n<\/span><a href=\"http:\/\/www.gruenart-kuehnel.de\/blog\/beispiel-seite\/naturschutzplanungen\/\"><span class=\"textrot_bold\">NATURSCHUTZPLANUNGEN<\/span><\/a><\/p>\n<p><a href=\"http:\/\/www.gruenart-kuehnel.de\/blog\/beispiel-seite\/sonstige-leistungen\/\">SONSTIGE LEISTUNGEN<\/a><br \/>\n<span class=\"textrot_bold\">&nbsp; &nbsp;UMWELTVERTR\u00c4GLICHKEITSUNTERSUCHUNGEN<br \/>\n<\/span><span class=\"textrot_bold\">&nbsp; &nbsp;FFH-VERTR\u00c4GLICHKEITSUNTERSUCHUNGEN<br \/>\n&nbsp; &nbsp;RAUMWIDERSTANDSANALYSEN<br \/>\n<\/span><span class=\"textrot_bold\">&nbsp; &nbsp;\u00d6KOLOGISCHE BAUBETREUUNG<br \/>\n<\/span><span class=\"textrot_bold\">&nbsp; &nbsp;FACHLICHE BERATUNG UND BETREUUNG<br \/>\n<\/span><span class=\"textrot_bold\">&nbsp; &nbsp;DOKUMENTATIONEN<\/span><\/p>\n<p><a href=\"http:\/\/www.gruenart-kuehnel.de\/blog\/bilder\/malerei-gartenbilder\/\">GARTEN- UND LANDSCHAFTSBILDER<\/a><\/p>\n<p><span class=\"textrot_bold\"><a href=\"http:\/\/www.gruenart-kuehnel.de\/blog\/beispiel-seite\/pflanz-und-pflegearbeiten\/\">PFLANZ- UND PFLEGEARBEITEN<\/a><br \/>\n<\/span><span class=\"textrot_bold\">&nbsp; &nbsp;STAUDEN- UND GEH\u00d6LZPFLEGE<\/span><\/p>\n","protected":false},"excerpt":{"rendered":"<p>GARTEN- UND FREIFL\u00c4CHENGESTALTUNG LANDSCHAFTSPLANUNG ST\u00c4DTEBAULICHE PLANUNGEN DENKMALPFLEGERISCHE PLANUNGEN &nbsp; &nbsp;PARKENTWICKLUNGSKONZEPTE &nbsp; &nbsp;ENTWICKLUNGSKONZEPTIONEN IN DENKMALBEREICHEN NATURSCHUTZPLANUNGEN SONSTIGE LEISTUNGEN &nbsp; &nbsp;UMWELTVERTR\u00c4GLICHKEITSUNTERSUCHUNGEN &nbsp; &nbsp;FFH-VERTR\u00c4GLICHKEITSUNTERSUCHUNGEN &nbsp; &nbsp;RAUMWIDERSTANDSANALYSEN &nbsp; &nbsp;\u00d6KOLOGISCHE BAUBETREUUNG &nbsp; &nbsp;FACHLICHE BERATUNG UND BETREUUNG &nbsp; &nbsp;DOKUMENTATIONEN GARTEN- UND LANDSCHAFTSBILDER PFLANZ- UND PFLEGEARBEITEN &nbsp; &nbsp;STAUDEN- UND GEH\u00d6LZPFLEGE<\/p>\n<p class=\"continue-reading-button\"> <a class=\"continue-reading-link\" href=\"http:\/\/www.gruenart-kuehnel.de\/blog\/\">Continue reading<i class=\"crycon-right-dir\"><\/i><\/a><\/p>\n","protected":false},"author":1,"featured_media":0,"parent":0,"menu_order":0,"comment_status":"closed","ping_status":"open","template":"templates\/template-page-with-intro.php","meta":{"ngg_post_thumbnail":0,"footnotes":""},"class_list":["post-2","page","type-page","status-publish","hentry"],"_links":{"self":[{"href":"http:\/\/www.gruenart-kuehnel.de\/blog\/wp-json\/wp\/v2\/pages\/2","targetHints":{"allow":["GET"]}}],"collection":[{"href":"http:\/\/www.gruenart-kuehnel.de\/blog\/wp-json\/wp\/v2\/pages"}],"about":[{"href":"http:\/\/www.gruenart-kuehnel.de\/blog\/wp-json\/wp\/v2\/types\/page"}],"author":[{"embeddable":true,"href":"http:\/\/www.gruenart-kuehnel.de\/blog\/wp-json\/wp\/v2\/users\/1"}],"replies":[{"embeddable":true,"href":"http:\/\/www.gruenart-kuehnel.de\/blog\/wp-json\/wp\/v2\/comments?post=2"}],"version-history":[{"count":20,"href":"http:\/\/www.gruenart-kuehnel.de\/blog\/wp-json\/wp\/v2\/pages\/2\/revisions"}],"predecessor-version":[{"id":1295,"href":"http:\/\/www.gruenart-kuehnel.de\/blog\/wp-json\/wp\/v2\/pages\/2\/revisions\/1295"}],"wp:attachment":[{"href":"http:\/\/www.gruenart-kuehnel.de\/blog\/wp-json\/wp\/v2\/media?parent=2"}],"curies":[{"name":"wp","href":"https:\/\/api.w.org\/{rel}","templated":true}]}}